{"id":15,"date":"2013-03-15T19:19:43","date_gmt":"2013-03-15T17:19:43","guid":{"rendered":"http:\/\/www.kunstprofil-gso.de\/?page_id=15"},"modified":"2022-06-09T17:55:07","modified_gmt":"2022-06-09T15:55:07","slug":"das-kunstprofil-der-gso","status":"publish","type":"page","link":"http:\/\/www.kunstprofil-gso.de\/?page_id=15","title":{"rendered":"Das Kunstprofil der GSO"},"content":{"rendered":"<p><a href=\"http:\/\/www.kunstprofil-gso.de\/wp-content\/uploads\/2013\/03\/Kunst-01.jpg\" rel=\"wpdevart_lightbox\"><img loading=\"lazy\" decoding=\"async\" class=\"alignnone size-medium wp-image-16\" src=\"http:\/\/www.kunstprofil-gso.de\/wp-content\/uploads\/2013\/03\/Kunst-01-300x227.jpg\" alt=\"Kunst 01\" width=\"300\" height=\"227\" srcset=\"http:\/\/www.kunstprofil-gso.de\/wp-content\/uploads\/2013\/03\/Kunst-01-300x227.jpg 300w, http:\/\/www.kunstprofil-gso.de\/wp-content\/uploads\/2013\/03\/Kunst-01-624x472.jpg 624w, http:\/\/www.kunstprofil-gso.de\/wp-content\/uploads\/2013\/03\/Kunst-01.jpg 634w\" sizes=\"auto, (max-width: 300px) 100vw, 300px\" \/><\/a><\/p>\n<p>Seit 2009 gibt es neben dem Musik- und dem Theaterprofil auch das Kunstprofil. Das bedeutet vor allem, dass diese Klassen mehr Kunstunterricht erhalten, als es die zwei &#8222;offiziellen&#8220; Stunden sind.\u00a0Hier ein Ausschnitt aus dem Konzept der Kunstklassen:<\/p>\n<p style=\"text-align: left;\" align=\"LEFT\"><span style=\"color: #000000;\"><span style=\"font-family: Helvetica, sans-serif;\"><span style=\"font-size: medium;\"><span style=\"font-size: medium;\">Mitmachen kann jede Sch\u00fclerin, jeder Sch\u00fcler, die, bzw. der Interesse an gestalterischem Arbeiten hat. Vorkenntnisse oder so etwas wie \u201eBegabung\u201c sind nicht erforderlich.<\/span><\/span><\/span><\/span><\/p>\n<p style=\"text-align: left;\" align=\"LEFT\"><span style=\"color: #000000;\"><span style=\"font-family: Helvetica, sans-serif;\"><span style=\"font-size: medium;\">Die Klasse erh\u00e4lt 4 Stunden Kunstunterricht in der Woche. Wir nehmen dar\u00fcber hinaus teil an Projekten (wie z.B. dem Partnerschulprojekt mit der Kunsthalle), Wettbewerben und Ausstellungen. Zur praktischen Arbeit im Kunstunterricht kommen Besuche von Museen, Ausstellungen und Galerien sowie in den h\u00f6heren Klassenstufen von Werbeagenturen, Theaterwerkst\u00e4tten usw. .\u00a0<\/span><\/span><\/span><\/p>\n<p style=\"text-align: left;\" align=\"LEFT\"><span style=\"color: #000000;\"><span style=\"font-family: Helvetica, sans-serif;\"><span style=\"font-size: medium;\">Das bildnerisch\/gestalterische Arbeiten ist weit gefasst: Von der Bleistiftskizze auf Rechenpapier \u00fcber die Kugelschreiberzeichnung bis zur Computerbearbeitung von digitalen Fotos und der Erstellung einer eigenen Homepage &#8211; das ist der Inhalt eines modernen Kunstunterrichtes, wie er in dieser Profilklasse durchgef\u00fchrt werden soll. Pr\u00e4sentationen wie Plakate und Wandzeitungen sollen f\u00e4cher\u00fcbergreifend erarbeitet werden (z.B. mit Gesellschaft-Politik und Naturwissenschaften). Die Ergebnisse der Arbeit werden fortw\u00e4hrend in kleinen Ausstellungen und auf der Homepage der GSO pr\u00e4sentiert, in k\u00fcrzeren Abst\u00e4nden auch auf<\/span><\/span><\/span><\/p>\n<p style=\"text-align: left;\" align=\"LEFT\"><span style=\"font-size: 1rem;\"><a href=\"https:\/\/www.instagram.com\/kunstgso\">https:\/\/www.instagram.com\/kunstgso<\/a>\/<\/span><\/p>\n<p style=\"text-align: left;\" align=\"LEFT\"><span style=\"font-size: 1rem;\">W. Ru\u00dfek, Fachleiter<\/span><\/p>\n<p style=\"text-align: left;\"><a title=\"Homepage der GSO\" href=\"http:\/\/gso-bremen.de\/\" target=\"_blank\" rel=\"noopener\">Homepage der GSO<\/a><\/p>\n","protected":false},"excerpt":{"rendered":"<p>Seit 2009 gibt es neben dem Musik- und dem Theaterprofil auch das Kunstprofil. Das bedeutet vor allem, dass diese Klassen mehr Kunstunterricht erhalten, als es die zwei &#8222;offiziellen&#8220; Stunden sind.\u00a0Hier ein Ausschnitt aus dem Konzept der Kunstklassen: Mitmachen kann jede Sch\u00fclerin, jeder Sch\u00fcler, die, bzw. der Interesse an gestalterischem Arbeiten hat. Vorkenntnisse oder so etwas [&hellip;]<\/p>\n","protected":false},"author":1,"featured_media":0,"parent":0,"menu_order":0,"comment_status":"open","ping_status":"open","template":"","meta":{"footnotes":""},"class_list":["post-15","page","type-page","status-publish","hentry"],"_links":{"self":[{"href":"http:\/\/www.kunstprofil-gso.de\/index.php?rest_route=\/wp\/v2\/pages\/15","targetHints":{"allow":["GET"]}}],"collection":[{"href":"http:\/\/www.kunstprofil-gso.de\/index.php?rest_route=\/wp\/v2\/pages"}],"about":[{"href":"http:\/\/www.kunstprofil-gso.de\/index.php?rest_route=\/wp\/v2\/types\/page"}],"author":[{"embeddable":true,"href":"http:\/\/www.kunstprofil-gso.de\/index.php?rest_route=\/wp\/v2\/users\/1"}],"replies":[{"embeddable":true,"href":"http:\/\/www.kunstprofil-gso.de\/index.php?rest_route=%2Fwp%2Fv2%2Fcomments&post=15"}],"version-history":[{"count":10,"href":"http:\/\/www.kunstprofil-gso.de\/index.php?rest_route=\/wp\/v2\/pages\/15\/revisions"}],"predecessor-version":[{"id":8020,"href":"http:\/\/www.kunstprofil-gso.de\/index.php?rest_route=\/wp\/v2\/pages\/15\/revisions\/8020"}],"wp:attachment":[{"href":"http:\/\/www.kunstprofil-gso.de\/index.php?rest_route=%2Fwp%2Fv2%2Fmedia&parent=15"}],"curies":[{"name":"wp","href":"https:\/\/api.w.org\/{rel}","templated":true}]}}